{"id":967,"date":"2023-08-03T13:43:59","date_gmt":"2023-08-03T10:43:59","guid":{"rendered":"https:\/\/herrmans.dev.wikstrommedia.fi\/?page_id=967"},"modified":"2023-08-03T13:47:30","modified_gmt":"2023-08-03T10:47:30","slug":"nyheter","status":"publish","type":"page","link":"https:\/\/herrmans.fi\/sv\/nyheter\/","title":{"rendered":"Nyheter"},"content":{"rendered":"<div class=\"wpb-content-wrapper\"><p>[vc_row full_width=&#8221;stretch_row_content&#8221; el_class=&#8221;wm-section has-icon-top-right has-icon-bottom-right&#8221;][vc_column][vc_column_text]<\/p>\n<h1 class=\"h2\" style=\"text-align: center;\">Nyheter<\/h1>\n<p>[\/vc_column_text][vc_column_text]\n  <div class=\"wm-news-list\">\n            <div class=\"wm-news-post\">\n          <div class=\"wm-news-post__image\">\n            <a href=\"https:\/\/herrmans.fi\/sv\/2025\/08\/28\/puu-massan-i-jyvaskyla-3-5-september-2025\/\"><img decoding=\"async\" width=\"819\" height=\"603\" src=\"https:\/\/herrmans.fi\/wp-content\/uploads\/2025\/08\/nyhet-puumessut-website.jpg\" class=\"attachment-full size-full wp-post-image\" alt=\"PUU-messut\" srcset=\"https:\/\/herrmans.fi\/wp-content\/uploads\/2025\/08\/nyhet-puumessut-website.jpg 819w, https:\/\/herrmans.fi\/wp-content\/uploads\/2025\/08\/nyhet-puumessut-website-300x221.jpg 300w, https:\/\/herrmans.fi\/wp-content\/uploads\/2025\/08\/nyhet-puumessut-website-768x565.jpg 768w\" sizes=\"(max-width: 819px) 100vw, 819px\" \/><\/a>\n          <\/div>\n          <h3 class=\"wm-news-post__title\">\n            <a href=\"https:\/\/herrmans.fi\/sv\/2025\/08\/28\/puu-massan-i-jyvaskyla-3-5-september-2025\/\">\n              PUU-m\u00e4ssan i Jyv\u00e4skyl\u00e4, 3\u20135 september 2025            <\/a>\n          <\/h3>\n          <div class=\"wm-news-post__read-more\">\n            <a href=\"https:\/\/herrmans.fi\/sv\/2025\/08\/28\/puu-massan-i-jyvaskyla-3-5-september-2025\/\">\n              L\u00e4s mer            <\/a>\n          <\/div>\n        <\/div>\n              <div class=\"wm-news-post\">\n          <div class=\"wm-news-post__image\">\n            <a href=\"https:\/\/herrmans.fi\/sv\/2025\/08\/28\/ett-ansvarsfullt-val-utan-kompromisser\/\"><img decoding=\"async\" width=\"934\" height=\"686\" src=\"https:\/\/herrmans.fi\/wp-content\/uploads\/2025\/08\/nyhet-color-website-sv.jpg\" class=\"attachment-full size-full wp-post-image\" alt=\"Ett ansvarsfullt val\" srcset=\"https:\/\/herrmans.fi\/wp-content\/uploads\/2025\/08\/nyhet-color-website-sv.jpg 934w, https:\/\/herrmans.fi\/wp-content\/uploads\/2025\/08\/nyhet-color-website-sv-300x220.jpg 300w, https:\/\/herrmans.fi\/wp-content\/uploads\/2025\/08\/nyhet-color-website-sv-768x564.jpg 768w\" sizes=\"(max-width: 934px) 100vw, 934px\" \/><\/a>\n          <\/div>\n          <h3 class=\"wm-news-post__title\">\n            <a href=\"https:\/\/herrmans.fi\/sv\/2025\/08\/28\/ett-ansvarsfullt-val-utan-kompromisser\/\">\n              Ett ansvarsfullt val utan kompromisser            <\/a>\n          <\/h3>\n          <div class=\"wm-news-post__read-more\">\n            <a href=\"https:\/\/herrmans.fi\/sv\/2025\/08\/28\/ett-ansvarsfullt-val-utan-kompromisser\/\">\n              L\u00e4s mer            <\/a>\n          <\/div>\n        <\/div>\n              <div class=\"wm-news-post\">\n          <div class=\"wm-news-post__image\">\n            <a href=\"https:\/\/herrmans.fi\/sv\/2024\/09\/06\/nya-maskiner-for-ett-mildare-miljoavtryck\/\"><img decoding=\"async\" width=\"933\" height=\"692\" src=\"https:\/\/herrmans.fi\/wp-content\/uploads\/2024\/09\/herrmans-maleri-nyhet-2.png\" class=\"attachment-full size-full wp-post-image\" alt=\"Nya maskiner f\u00f6r ett mildare milj\u00f6avtryck\" srcset=\"https:\/\/herrmans.fi\/wp-content\/uploads\/2024\/09\/herrmans-maleri-nyhet-2.png 933w, https:\/\/herrmans.fi\/wp-content\/uploads\/2024\/09\/herrmans-maleri-nyhet-2-300x223.png 300w, https:\/\/herrmans.fi\/wp-content\/uploads\/2024\/09\/herrmans-maleri-nyhet-2-768x570.png 768w\" sizes=\"(max-width: 933px) 100vw, 933px\" \/><\/a>\n          <\/div>\n          <h3 class=\"wm-news-post__title\">\n            <a href=\"https:\/\/herrmans.fi\/sv\/2024\/09\/06\/nya-maskiner-for-ett-mildare-miljoavtryck\/\">\n              Nya maskiner f\u00f6r ett mildare milj\u00f6avtryck            <\/a>\n          <\/h3>\n          <div class=\"wm-news-post__read-more\">\n            <a href=\"https:\/\/herrmans.fi\/sv\/2024\/09\/06\/nya-maskiner-for-ett-mildare-miljoavtryck\/\">\n              L\u00e4s mer            <\/a>\n          <\/div>\n        <\/div>\n              <div class=\"wm-news-post\">\n          <div class=\"wm-news-post__image\">\n            <a href=\"https:\/\/herrmans.fi\/sv\/2023\/08\/02\/puu-massan-i-jyvaskyla-6-8-september-2023\/\"><img decoding=\"async\" width=\"819\" height=\"603\" src=\"https:\/\/herrmans.fi\/wp-content\/uploads\/2023\/08\/puu_2023.jpg\" class=\"attachment-full size-full wp-post-image\" alt=\"\" srcset=\"https:\/\/herrmans.fi\/wp-content\/uploads\/2023\/08\/puu_2023.jpg 819w, https:\/\/herrmans.fi\/wp-content\/uploads\/2023\/08\/puu_2023-300x221.jpg 300w, https:\/\/herrmans.fi\/wp-content\/uploads\/2023\/08\/puu_2023-768x565.jpg 768w\" sizes=\"(max-width: 819px) 100vw, 819px\" \/><\/a>\n          <\/div>\n          <h3 class=\"wm-news-post__title\">\n            <a href=\"https:\/\/herrmans.fi\/sv\/2023\/08\/02\/puu-massan-i-jyvaskyla-6-8-september-2023\/\">\n              PUU-m\u00e4ssan i Jyv\u00e4skyl\u00e4, 6\u20138 september 2023            <\/a>\n          <\/h3>\n          <div class=\"wm-news-post__read-more\">\n            <a href=\"https:\/\/herrmans.fi\/sv\/2023\/08\/02\/puu-massan-i-jyvaskyla-6-8-september-2023\/\">\n              L\u00e4s mer            <\/a>\n          <\/div>\n        <\/div>\n        <\/div>\n\n  [\/vc_column_text][\/vc_column][\/vc_row][vc_row full_width=&#8221;stretch_row_content_no_spaces&#8221; content_placement=&#8221;middle&#8221; el_id=&#8221;kontakt&#8221; el_class=&#8221;bottomrow footerheight bg-oxford-blue wm-section&#8221;][vc_column el_class=&#8221;footercenter&#8221;][vc_column_text el_class=&#8221;footermargin&#8221;]<\/p>\n<h2 style=\"text-align: center;\">KONTAKTUPPGIFTER<\/h2>\n<p>[\/vc_column_text][vc_row_inner][vc_column_inner el_class=&#8221;iconmargin&#8221; width=&#8221;1\/3&#8243;][vc_single_image image=&#8221;21&#8243; img_size=&#8221;full&#8221; alignment=&#8221;center&#8221; el_class=&#8221;icon&#8221;][vc_column_text]<\/p>\n<h4 style=\"text-align: center;\">Ab Herrmans M\u00e5leri Oy<\/h4>\n<p style=\"text-align: center; line-height: 15px;\">Benn\u00e4sv\u00e4gen 141<\/p>\n<p style=\"text-align: center; line-height: 15px;\">68600 Jakobstad<\/p>\n<p>[\/vc_column_text][\/vc_column_inner][vc_column_inner width=&#8221;1\/3&#8243;][vc_single_image image=&#8221;20&#8243; img_size=&#8221;full&#8221; alignment=&#8221;center&#8221; el_class=&#8221;icon&#8221;][vc_column_text]<\/p>\n<h4 style=\"text-align: center;\"><i class=\"js_icon mail\"><\/i><a href=\"mailto:info@herrmans.fi\">info@herrmans.fi<\/a><\/h4>\n<p>[\/vc_column_text][\/vc_column_inner][vc_column_inner width=&#8221;1\/3&#8243;][vc_single_image image=&#8221;22&#8243; img_size=&#8221;full&#8221; alignment=&#8221;center&#8221; el_class=&#8221;icon&#8221;][vc_column_text]<\/p>\n<h4 style=\"text-align: center;\"><a href=\"tel:040-5049825\">040-5049825<\/a><br \/>\n<a href=\"tel:06-7248903\">06-7248903<\/a><\/h4>\n<p>[\/vc_column_text][\/vc_column_inner][\/vc_row_inner][\/vc_column][\/vc_row]<\/p>\n<\/div>","protected":false},"excerpt":{"rendered":"<p>[vc_row full_width=&#8221;stretch_row_content&#8221; el_class=&#8221;wm-section has-icon-top-right has-icon-bottom-right&#8221;][vc_column][vc_column_text] Nyheter [\/vc_column_text][vc_column_text][\/vc_column_text][\/vc_column][\/vc_row][vc_row full_width=&#8221;stretch_row_content_no_spaces&#8221; content_placement=&#8221;middle&#8221; el_id=&#8221;kontakt&#8221; el_class=&#8221;bottomrow footerheight bg-oxford-blue wm-section&#8221;][vc_column el_class=&#8221;footercenter&#8221;][vc_column_text el_class=&#8221;footermargin&#8221;] KONTAKTUPPGIFTER [\/vc_column_text][vc_row_inner][vc_column_inner el_class=&#8221;iconmargin&#8221; width=&#8221;1\/3&#8243;][vc_single_image image=&#8221;21&#8243; img_size=&#8221;full&#8221; alignment=&#8221;center&#8221; el_class=&#8221;icon&#8221;][vc_column_text] Ab Herrmans M\u00e5leri Oy Benn\u00e4sv\u00e4gen 141 68600 Jakobstad [\/vc_column_text][\/vc_column_inner][vc_column_inner width=&#8221;1\/3&#8243;][vc_single_image image=&#8221;20&#8243; img_size=&#8221;full&#8221; alignment=&#8221;center&#8221; el_class=&#8221;icon&#8221;][vc_column_text] info@herrmans.fi [\/vc_column_text][\/vc_column_inner][vc_column_inner width=&#8221;1\/3&#8243;][vc_single_image image=&#8221;22&#8243; img_size=&#8221;full&#8221; alignment=&#8221;center&#8221; el_class=&#8221;icon&#8221;][vc_column_text] 040-5049825 06-7248903 [\/vc_column_text][\/vc_column_inner][\/vc_row_inner][\/vc_column][\/vc_row]<\/p>\n","protected":false},"author":2,"featured_media":0,"parent":0,"menu_order":0,"comment_status":"closed","ping_status":"closed","template":"","meta":{"inline_featured_image":false,"footnotes":""},"class_list":["post-967","page","type-page","status-publish","hentry","description-off"],"yoast_head":"<!-- This site is optimized with the Yoast SEO plugin v25.2 - https:\/\/yoast.com\/wordpress\/plugins\/seo\/ -->\n<title>Nyheter - Herrmans M\u00e5leri Ab<\/title>\n<meta name=\"robots\" content=\"index, follow, max-snippet:-1, max-image-preview:large, max-video-preview:-1\" \/>\n<link rel=\"canonical\" href=\"https:\/\/herrmans.fi\/sv\/nyheter\/\" \/>\n<meta property=\"og:locale\" content=\"sv_SE\" \/>\n<meta property=\"og:type\" content=\"article\" \/>\n<meta property=\"og:title\" content=\"Nyheter - Herrmans M\u00e5leri Ab\" \/>\n<meta property=\"og:description\" content=\"[vc_row full_width=&#8221;stretch_row_content&#8221; el_class=&#8221;wm-section has-icon-top-right has-icon-bottom-right&#8221;][vc_column][vc_column_text] Nyheter [\/vc_column_text][vc_column_text][\/vc_column_text][\/vc_column][\/vc_row][vc_row full_width=&#8221;stretch_row_content_no_spaces&#8221; content_placement=&#8221;middle&#8221; el_id=&#8221;kontakt&#8221; el_class=&#8221;bottomrow footerheight bg-oxford-blue wm-section&#8221;][vc_column el_class=&#8221;footercenter&#8221;][vc_column_text el_class=&#8221;footermargin&#8221;] KONTAKTUPPGIFTER [\/vc_column_text][vc_row_inner][vc_column_inner el_class=&#8221;iconmargin&#8221; width=&#8221;1\/3&#8243;][vc_single_image image=&#8221;21&#8243; img_size=&#8221;full&#8221; alignment=&#8221;center&#8221; el_class=&#8221;icon&#8221;][vc_column_text] Ab Herrmans M\u00e5leri Oy Benn\u00e4sv\u00e4gen 141 68600 Jakobstad [\/vc_column_text][\/vc_column_inner][vc_column_inner width=&#8221;1\/3&#8243;][vc_single_image image=&#8221;20&#8243; img_size=&#8221;full&#8221; alignment=&#8221;center&#8221; el_class=&#8221;icon&#8221;][vc_column_text] info@herrmans.fi [\/vc_column_text][\/vc_column_inner][vc_column_inner width=&#8221;1\/3&#8243;][vc_single_image image=&#8221;22&#8243; img_size=&#8221;full&#8221; alignment=&#8221;center&#8221; el_class=&#8221;icon&#8221;][vc_column_text] 040-5049825 06-7248903 [\/vc_column_text][\/vc_column_inner][\/vc_row_inner][\/vc_column][\/vc_row]\" \/>\n<meta property=\"og:url\" content=\"https:\/\/herrmans.fi\/sv\/nyheter\/\" \/>\n<meta property=\"og:site_name\" content=\"Herrmans M\u00e5leri Ab\" \/>\n<meta property=\"article:modified_time\" content=\"2023-08-03T10:47:30+00:00\" \/>\n<meta name=\"twitter:card\" content=\"summary_large_image\" \/>\n<meta name=\"twitter:label1\" content=\"Ber\u00e4knad l\u00e4stid\" \/>\n\t<meta name=\"twitter:data1\" content=\"1 minut\" \/>\n<script type=\"application\/ld+json\" class=\"yoast-schema-graph\">{\"@context\":\"https:\/\/schema.org\",\"@graph\":[{\"@type\":\"WebPage\",\"@id\":\"https:\/\/herrmans.fi\/sv\/nyheter\/\",\"url\":\"https:\/\/herrmans.fi\/sv\/nyheter\/\",\"name\":\"Nyheter - Herrmans M\u00e5leri Ab\",\"isPartOf\":{\"@id\":\"https:\/\/herrmans.fi\/#website\"},\"datePublished\":\"2023-08-03T10:43:59+00:00\",\"dateModified\":\"2023-08-03T10:47:30+00:00\",\"breadcrumb\":{\"@id\":\"https:\/\/herrmans.fi\/sv\/nyheter\/#breadcrumb\"},\"inLanguage\":\"sv-SE\",\"potentialAction\":[{\"@type\":\"ReadAction\",\"target\":[\"https:\/\/herrmans.fi\/sv\/nyheter\/\"]}]},{\"@type\":\"BreadcrumbList\",\"@id\":\"https:\/\/herrmans.fi\/sv\/nyheter\/#breadcrumb\",\"itemListElement\":[{\"@type\":\"ListItem\",\"position\":1,\"name\":\"Etusivu\",\"item\":\"https:\/\/herrmans.fi\/sv\/\"},{\"@type\":\"ListItem\",\"position\":2,\"name\":\"Nyheter\"}]},{\"@type\":\"WebSite\",\"@id\":\"https:\/\/herrmans.fi\/#website\",\"url\":\"https:\/\/herrmans.fi\/\",\"name\":\"Herrmans M\u00e5leri Ab\",\"description\":\"\",\"potentialAction\":[{\"@type\":\"SearchAction\",\"target\":{\"@type\":\"EntryPoint\",\"urlTemplate\":\"https:\/\/herrmans.fi\/?s={search_term_string}\"},\"query-input\":{\"@type\":\"PropertyValueSpecification\",\"valueRequired\":true,\"valueName\":\"search_term_string\"}}],\"inLanguage\":\"sv-SE\"}]}<\/script>\n<!-- \/ Yoast SEO plugin. -->","yoast_head_json":{"title":"Nyheter - Herrmans M\u00e5leri Ab","robots":{"index":"index","follow":"follow","max-snippet":"max-snippet:-1","max-image-preview":"max-image-preview:large","max-video-preview":"max-video-preview:-1"},"canonical":"https:\/\/herrmans.fi\/sv\/nyheter\/","og_locale":"sv_SE","og_type":"article","og_title":"Nyheter - Herrmans M\u00e5leri Ab","og_description":"[vc_row full_width=&#8221;stretch_row_content&#8221; el_class=&#8221;wm-section has-icon-top-right has-icon-bottom-right&#8221;][vc_column][vc_column_text] Nyheter [\/vc_column_text][vc_column_text][\/vc_column_text][\/vc_column][\/vc_row][vc_row full_width=&#8221;stretch_row_content_no_spaces&#8221; content_placement=&#8221;middle&#8221; el_id=&#8221;kontakt&#8221; el_class=&#8221;bottomrow footerheight bg-oxford-blue wm-section&#8221;][vc_column el_class=&#8221;footercenter&#8221;][vc_column_text el_class=&#8221;footermargin&#8221;] KONTAKTUPPGIFTER [\/vc_column_text][vc_row_inner][vc_column_inner el_class=&#8221;iconmargin&#8221; width=&#8221;1\/3&#8243;][vc_single_image image=&#8221;21&#8243; img_size=&#8221;full&#8221; alignment=&#8221;center&#8221; el_class=&#8221;icon&#8221;][vc_column_text] Ab Herrmans M\u00e5leri Oy Benn\u00e4sv\u00e4gen 141 68600 Jakobstad [\/vc_column_text][\/vc_column_inner][vc_column_inner width=&#8221;1\/3&#8243;][vc_single_image image=&#8221;20&#8243; img_size=&#8221;full&#8221; alignment=&#8221;center&#8221; el_class=&#8221;icon&#8221;][vc_column_text] info@herrmans.fi [\/vc_column_text][\/vc_column_inner][vc_column_inner width=&#8221;1\/3&#8243;][vc_single_image image=&#8221;22&#8243; img_size=&#8221;full&#8221; alignment=&#8221;center&#8221; el_class=&#8221;icon&#8221;][vc_column_text] 040-5049825 06-7248903 [\/vc_column_text][\/vc_column_inner][\/vc_row_inner][\/vc_column][\/vc_row]","og_url":"https:\/\/herrmans.fi\/sv\/nyheter\/","og_site_name":"Herrmans M\u00e5leri Ab","article_modified_time":"2023-08-03T10:47:30+00:00","twitter_card":"summary_large_image","twitter_misc":{"Ber\u00e4knad l\u00e4stid":"1 minut"},"schema":{"@context":"https:\/\/schema.org","@graph":[{"@type":"WebPage","@id":"https:\/\/herrmans.fi\/sv\/nyheter\/","url":"https:\/\/herrmans.fi\/sv\/nyheter\/","name":"Nyheter - Herrmans M\u00e5leri Ab","isPartOf":{"@id":"https:\/\/herrmans.fi\/#website"},"datePublished":"2023-08-03T10:43:59+00:00","dateModified":"2023-08-03T10:47:30+00:00","breadcrumb":{"@id":"https:\/\/herrmans.fi\/sv\/nyheter\/#breadcrumb"},"inLanguage":"sv-SE","potentialAction":[{"@type":"ReadAction","target":["https:\/\/herrmans.fi\/sv\/nyheter\/"]}]},{"@type":"BreadcrumbList","@id":"https:\/\/herrmans.fi\/sv\/nyheter\/#breadcrumb","itemListElement":[{"@type":"ListItem","position":1,"name":"Etusivu","item":"https:\/\/herrmans.fi\/sv\/"},{"@type":"ListItem","position":2,"name":"Nyheter"}]},{"@type":"WebSite","@id":"https:\/\/herrmans.fi\/#website","url":"https:\/\/herrmans.fi\/","name":"Herrmans M\u00e5leri Ab","description":"","potentialAction":[{"@type":"SearchAction","target":{"@type":"EntryPoint","urlTemplate":"https:\/\/herrmans.fi\/?s={search_term_string}"},"query-input":{"@type":"PropertyValueSpecification","valueRequired":true,"valueName":"search_term_string"}}],"inLanguage":"sv-SE"}]}},"_links":{"self":[{"href":"https:\/\/herrmans.fi\/sv\/wp-json\/wp\/v2\/pages\/967","targetHints":{"allow":["GET"]}}],"collection":[{"href":"https:\/\/herrmans.fi\/sv\/wp-json\/wp\/v2\/pages"}],"about":[{"href":"https:\/\/herrmans.fi\/sv\/wp-json\/wp\/v2\/types\/page"}],"author":[{"embeddable":true,"href":"https:\/\/herrmans.fi\/sv\/wp-json\/wp\/v2\/users\/2"}],"replies":[{"embeddable":true,"href":"https:\/\/herrmans.fi\/sv\/wp-json\/wp\/v2\/comments?post=967"}],"version-history":[{"count":5,"href":"https:\/\/herrmans.fi\/sv\/wp-json\/wp\/v2\/pages\/967\/revisions"}],"predecessor-version":[{"id":972,"href":"https:\/\/herrmans.fi\/sv\/wp-json\/wp\/v2\/pages\/967\/revisions\/972"}],"wp:attachment":[{"href":"https:\/\/herrmans.fi\/sv\/wp-json\/wp\/v2\/media?parent=967"}],"curies":[{"name":"wp","href":"https:\/\/api.w.org\/{rel}","templated":true}]}}